{"id":99,"date":"2024-03-31T09:32:47","date_gmt":"2024-03-31T09:32:47","guid":{"rendered":"https:\/\/milyonerkafa.com\/?page_id=99"},"modified":"2025-07-08T11:17:37","modified_gmt":"2025-07-08T11:17:37","slug":"iletisim","status":"publish","type":"page","link":"https:\/\/milyonerkafa.com\/index.php\/iletisim\/","title":{"rendered":"\u0130LET\u0130\u015e\u0130M"},"content":{"rendered":"\n<p>\u0130leti\u015fim i\u00e7in cep numaram: <\/p>\n\n\n\n<p class=\"has-text-align-left\"><img loading=\"lazy\" decoding=\"async\" width=\"20\" height=\"20\" class=\"wp-image-157\" style=\"width: 20px;\" src=\"https:\/\/milyonerkafa.com\/wp-content\/uploads\/2025\/07\/NicePng_cell-phone-icon-png_11435.png\" alt=\"\" srcset=\"https:\/\/milyonerkafa.com\/wp-content\/uploads\/2025\/07\/NicePng_cell-phone-icon-png_11435.png 600w, https:\/\/milyonerkafa.com\/wp-content\/uploads\/2025\/07\/NicePng_cell-phone-icon-png_11435-300x300.png 300w, https:\/\/milyonerkafa.com\/wp-content\/uploads\/2025\/07\/NicePng_cell-phone-icon-png_11435-150x150.png 150w\" sizes=\"auto, (max-width: 20px) 100vw, 20px\" \/>  0543 978 32 04. <\/p>\n\n\n\n<p>M\u00fcsait olamay\u0131p a\u00e7amazsam daha sonra mutlaka d\u00f6n\u00fc\u015f yapar\u0131m.<\/p>\n\n\n\n<p><\/p>\n\n\n\n<p><\/p>\n","protected":false},"excerpt":{"rendered":"<p>\u0130leti\u015fim i\u00e7in cep numaram: 0543 978 32 04. M\u00fcsait olamay\u0131p a\u00e7amazsam daha sonra mutlaka d\u00f6n\u00fc\u015f<\/p>\n","protected":false},"author":1,"featured_media":8,"parent":0,"menu_order":10,"comment_status":"closed","ping_status":"closed","template":"","meta":{"footnotes":""},"class_list":["post-99","page","type-page","status-publish","has-post-thumbnail","hentry","comments-off"],"_links":{"self":[{"href":"https:\/\/milyonerkafa.com\/index.php\/wp-json\/wp\/v2\/pages\/99","targetHints":{"allow":["GET"]}}],"collection":[{"href":"https:\/\/milyonerkafa.com\/index.php\/wp-json\/wp\/v2\/pages"}],"about":[{"href":"https:\/\/milyonerkafa.com\/index.php\/wp-json\/wp\/v2\/types\/page"}],"author":[{"embeddable":true,"href":"https:\/\/milyonerkafa.com\/index.php\/wp-json\/wp\/v2\/users\/1"}],"replies":[{"embeddable":true,"href":"https:\/\/milyonerkafa.com\/index.php\/wp-json\/wp\/v2\/comments?post=99"}],"version-history":[{"count":3,"href":"https:\/\/milyonerkafa.com\/index.php\/wp-json\/wp\/v2\/pages\/99\/revisions"}],"predecessor-version":[{"id":158,"href":"https:\/\/milyonerkafa.com\/index.php\/wp-json\/wp\/v2\/pages\/99\/revisions\/158"}],"wp:featuredmedia":[{"embeddable":true,"href":"https:\/\/milyonerkafa.com\/index.php\/wp-json\/wp\/v2\/media\/8"}],"wp:attachment":[{"href":"https:\/\/milyonerkafa.com\/index.php\/wp-json\/wp\/v2\/media?parent=99"}],"curies":[{"name":"wp","href":"https:\/\/api.w.org\/{rel}","templated":true}]}}